{"id":58,"date":"2026-04-23T19:30:45","date_gmt":"2026-04-23T19:30:45","guid":{"rendered":"https:\/\/simbuktu.dk\/?page_id=58"},"modified":"2026-04-23T19:36:15","modified_gmt":"2026-04-23T19:36:15","slug":"simulationer","status":"publish","type":"page","link":"https:\/\/simbuktu.dk\/index.php\/simulationer\/","title":{"rendered":"Simulationer"},"content":{"rendered":"\n<h2 class=\"wp-block-heading\">Hvis man kan simulere \u00e9n person med AI &#8211; kan man s\u00e5 ogs\u00e5 simulere mange?<\/h2>\n\n\n\n<p>Simbuktu unders\u00f8ger hvad der sker, n\u00e5r man tager viden om psykologi, personlighed og adf\u00e6rd og l\u00e6rer AI at agere som disse personer. Men det er der jo s\u00e5 mange der g\u00f8r &#8211; der som er lidt anderledes her, er at vi g\u00f8r dem med mange ad gangen.<\/p>\n\n\n\n<p><\/p>\n","protected":false},"excerpt":{"rendered":"<p>Hvis man kan simulere \u00e9n person med AI &#8211; kan man s\u00e5 ogs\u00e5 simulere mange? Simbuktu unders\u00f8ger hvad der sker, n\u00e5r man tager viden om psykologi, personlighed og adf\u00e6rd og l\u00e6rer AI at agere som disse personer. Men det er der jo s\u00e5 mange der g\u00f8r &#8211; der som er lidt anderledes her, er at [&hellip;]<\/p>\n","protected":false},"author":1,"featured_media":0,"parent":0,"menu_order":0,"comment_status":"closed","ping_status":"closed","template":"","meta":{"footnotes":""},"class_list":["post-58","page","type-page","status-publish","hentry"],"_links":{"self":[{"href":"https:\/\/simbuktu.dk\/index.php\/wp-json\/wp\/v2\/pages\/58","targetHints":{"allow":["GET"]}}],"collection":[{"href":"https:\/\/simbuktu.dk\/index.php\/wp-json\/wp\/v2\/pages"}],"about":[{"href":"https:\/\/simbuktu.dk\/index.php\/wp-json\/wp\/v2\/types\/page"}],"author":[{"embeddable":true,"href":"https:\/\/simbuktu.dk\/index.php\/wp-json\/wp\/v2\/users\/1"}],"replies":[{"embeddable":true,"href":"https:\/\/simbuktu.dk\/index.php\/wp-json\/wp\/v2\/comments?post=58"}],"version-history":[{"count":3,"href":"https:\/\/simbuktu.dk\/index.php\/wp-json\/wp\/v2\/pages\/58\/revisions"}],"predecessor-version":[{"id":63,"href":"https:\/\/simbuktu.dk\/index.php\/wp-json\/wp\/v2\/pages\/58\/revisions\/63"}],"wp:attachment":[{"href":"https:\/\/simbuktu.dk\/index.php\/wp-json\/wp\/v2\/media?parent=58"}],"curies":[{"name":"wp","href":"https:\/\/api.w.org\/{rel}","templated":true}]}}