{"id":65,"date":"2026-04-23T19:38:03","date_gmt":"2026-04-23T19:38:03","guid":{"rendered":"https:\/\/simbuktu.dk\/?page_id=65"},"modified":"2026-04-23T20:25:49","modified_gmt":"2026-04-23T20:25:49","slug":"populationer","status":"publish","type":"page","link":"https:\/\/simbuktu.dk\/index.php\/populationer\/","title":{"rendered":"Populationer"},"content":{"rendered":"<section  class='av_textblock_section av-1ugc1-89f2190cca694897349981d47d2b7049 '   itemscope=\"itemscope\" itemtype=\"https:\/\/schema.org\/CreativeWork\" ><div class='avia_textblock'  itemprop=\"text\" ><h2>Simbuktu leverer simulerede populationer, som kan best\u00e5 af tusindvis af individer, som alle har deres egen historier, personlighed og s\u00e6rlige reaktionsm\u00f8nstre.<\/h2>\n<\/div><\/section>\n<div  class='flex_column av-5esx-afc276c17bea9e73f9b2387c18d3da79 av_one_half  avia-builder-el-1  el_after_av_textblock  el_before_av_one_half  first flex_column_div  column-top-margin'     ><section  class='av_textblock_section av-mobw3y3f-d331e1a557c4f0b6c0af5189b505df06 '   itemscope=\"itemscope\" itemtype=\"https:\/\/schema.org\/CreativeWork\" ><div class='avia_textblock'  itemprop=\"text\" ><h3>Simbukti har en standardpopulation p\u00e5 10.000 sim&#8217;ere, som matcher demografien p\u00e5 den danske voksne befolkning.<\/h3>\n<p>Men der kan skabes populationer som repr\u00e6senteret et s\u00e6rlig udsnit, hvis reaktioner man gerne vil unders\u00f8ge. M\u00e5ske unge, Facebook-brugere\u00a0 eller husk\u00f8bere.<\/p>\n<h3>Populationerne hj\u00e6lper med at besv\u00e6re sp\u00f8rgsm\u00e5l<\/h3>\n<p>Ved at fp en population i tale, er det muligt at teste hypoteser og f\u00e5 ideer. Og at se bud p\u00e5 hvordan ens kommunikation og budskaber kunne se ud i stor skala.<\/p>\n<p>Det siger sig selv at en simuleret population ikke kan give 100% valide svar. Det er verden alt for kompleks til. Men de kan give inspiration og stof til eftertanke.<\/p>\n<\/div><\/section><\/div><div  class='flex_column av-1190t-3e4ae0a6014b0d6b507c8749bf3b2dc1 av_one_half  avia-builder-el-3  el_after_av_one_half  avia-builder-el-last  flex_column_div  column-top-margin'     ><style type=\"text\/css\" data-created_by=\"avia_inline_auto\" id=\"style-css-av-mobx2rck-538750e9e8bbd139f8cdc2be8f83f2c6\">\n.avia-image-container.av-mobx2rck-538750e9e8bbd139f8cdc2be8f83f2c6 img.avia_image{\nbox-shadow:none;\n}\n.avia-image-container.av-mobx2rck-538750e9e8bbd139f8cdc2be8f83f2c6 .av-image-caption-overlay-center{\ncolor:#ffffff;\n}\n<\/style>\n<div  class='avia-image-container av-mobx2rck-538750e9e8bbd139f8cdc2be8f83f2c6 av-styling- avia-align-center  avia-builder-el-4  avia-builder-el-no-sibling '   itemprop=\"image\" itemscope=\"itemscope\" itemtype=\"https:\/\/schema.org\/ImageObject\" ><div class=\"avia-image-container-inner\"><div class=\"avia-image-overlay-wrap\"><img decoding=\"async\" fetchpriority=\"high\" class='wp-image-72 avia-img-lazy-loading-not-72 avia_image ' src=\"https:\/\/simbuktu.dk\/wp-content\/uploads\/2026\/04\/Screenshot-2026-04-23-214925-1030x567.png\" alt='' title='Screenshot 2026-04-23 214925'  height=\"567\" width=\"1030\"  itemprop=\"thumbnailUrl\" srcset=\"https:\/\/simbuktu.dk\/wp-content\/uploads\/2026\/04\/Screenshot-2026-04-23-214925-1030x567.png 1030w, https:\/\/simbuktu.dk\/wp-content\/uploads\/2026\/04\/Screenshot-2026-04-23-214925-300x165.png 300w, https:\/\/simbuktu.dk\/wp-content\/uploads\/2026\/04\/Screenshot-2026-04-23-214925-768x423.png 768w, https:\/\/simbuktu.dk\/wp-content\/uploads\/2026\/04\/Screenshot-2026-04-23-214925-705x388.png 705w, https:\/\/simbuktu.dk\/wp-content\/uploads\/2026\/04\/Screenshot-2026-04-23-214925.png 1259w\" sizes=\"(max-width: 1030px) 100vw, 1030px\" \/><\/div><\/div><\/div><\/div><\/p>\n","protected":false},"excerpt":{"rendered":"","protected":false},"author":1,"featured_media":0,"parent":0,"menu_order":0,"comment_status":"closed","ping_status":"closed","template":"","meta":{"footnotes":""},"class_list":["post-65","page","type-page","status-publish","hentry"],"_links":{"self":[{"href":"https:\/\/simbuktu.dk\/index.php\/wp-json\/wp\/v2\/pages\/65","targetHints":{"allow":["GET"]}}],"collection":[{"href":"https:\/\/simbuktu.dk\/index.php\/wp-json\/wp\/v2\/pages"}],"about":[{"href":"https:\/\/simbuktu.dk\/index.php\/wp-json\/wp\/v2\/types\/page"}],"author":[{"embeddable":true,"href":"https:\/\/simbuktu.dk\/index.php\/wp-json\/wp\/v2\/users\/1"}],"replies":[{"embeddable":true,"href":"https:\/\/simbuktu.dk\/index.php\/wp-json\/wp\/v2\/comments?post=65"}],"version-history":[{"count":9,"href":"https:\/\/simbuktu.dk\/index.php\/wp-json\/wp\/v2\/pages\/65\/revisions"}],"predecessor-version":[{"id":89,"href":"https:\/\/simbuktu.dk\/index.php\/wp-json\/wp\/v2\/pages\/65\/revisions\/89"}],"wp:attachment":[{"href":"https:\/\/simbuktu.dk\/index.php\/wp-json\/wp\/v2\/media?parent=65"}],"curies":[{"name":"wp","href":"https:\/\/api.w.org\/{rel}","templated":true}]}}