{"id":75,"date":"2026-04-23T19:58:00","date_gmt":"2026-04-23T19:58:00","guid":{"rendered":"https:\/\/simbuktu.dk\/?page_id=75"},"modified":"2026-04-23T20:09:14","modified_gmt":"2026-04-23T20:09:14","slug":"case","status":"publish","type":"page","link":"https:\/\/simbuktu.dk\/index.php\/case\/","title":{"rendered":"Case"},"content":{"rendered":"<div  class='flex_column av-1ccpz-b0743642a73f33454a7aa6a2b43729b8 av_two_third  avia-builder-el-0  el_before_av_one_third  avia-builder-el-first  first flex_column_div  '     ><section  class='av_textblock_section av-mobwluin-3a3ef883553ab26232c46285d072f4c4 '   itemscope=\"itemscope\" itemtype=\"https:\/\/schema.org\/CreativeWork\" ><div class='avia_textblock'  itemprop=\"text\" ><h2>SlobHub &#8211; en population af 10.000 typiske Facebookbrugere<\/h2>\n<h3>SlopHub er en simulation som er beregnet til undervisning i kommunikation og forst\u00e5else af negativ viralitet &#8211; hvor mange mennesker bliver vrede online.<\/h3>\n<p>SlopHubs population best\u00e5r af det typiske Facebook segment og deres personligned, som er s\u00e6rligt designet til at reagere p\u00e5 indhold der postes online i form af et billede og en tekst.<\/p>\n<p>Populationen p\u00e5 SlopHub er designet til at l\u00e6se og forst\u00e5 indhold, blive vrede og kommentere eller give emojis. De kan ogs\u00e5 dele indholdet med deres egne venner &#8211; n\u00e5r de reagerer eller deler, spredes opslagt og viraliteten er i gang.<\/p>\n<h3>Sim&#8217;er med dybde og dialog<\/h3>\n<p>Hver sim&#8217;er har en profil, som du kan bes\u00f8ge. Her er deres personighedstype og historie beskrevet og du kan ogs\u00e5 begynde at chatte med dem og f\u00e5 en forklaring p\u00e5 at de har reageret som de g\u00f8r.<\/p>\n<p><img loading=\"lazy\" decoding=\"async\" class=\"alignnone wp-image-82 size-large\" src=\"http:\/\/simbuktu.dk\/wp-content\/uploads\/2026\/04\/Screenshot-2026-04-23-220702-1030x654.png\" alt=\"\" width=\"1030\" height=\"654\" srcset=\"https:\/\/simbuktu.dk\/wp-content\/uploads\/2026\/04\/Screenshot-2026-04-23-220702-1030x654.png 1030w, https:\/\/simbuktu.dk\/wp-content\/uploads\/2026\/04\/Screenshot-2026-04-23-220702-300x190.png 300w, https:\/\/simbuktu.dk\/wp-content\/uploads\/2026\/04\/Screenshot-2026-04-23-220702-768x488.png 768w, https:\/\/simbuktu.dk\/wp-content\/uploads\/2026\/04\/Screenshot-2026-04-23-220702-705x448.png 705w, https:\/\/simbuktu.dk\/wp-content\/uploads\/2026\/04\/Screenshot-2026-04-23-220702.png 1383w\" sizes=\"auto, (max-width: 1030px) 100vw, 1030px\" \/><\/p>\n<\/div><\/section><\/div><div  class='flex_column av-11yc7-379ac5f78e081a2fc9b68ba45289d223 av_one_third  avia-builder-el-2  el_after_av_two_third  avia-builder-el-last  flex_column_div  '     ><section  class='av_textblock_section av-mobx0bg1-bac48545afa3bf8f80d367ab2554c1d3 '   itemscope=\"itemscope\" itemtype=\"https:\/\/schema.org\/CreativeWork\" ><div class='avia_textblock'  itemprop=\"text\" ><h3>Sim&#8217;erne i SlopHub kommenterer p\u00e5 kursisternes opslag<\/h3>\n<p>Og kursisterne kan selv g\u00e5 ind og svare p\u00e5 kommentarerne i debatten.<\/p>\n<\/div><\/section><br \/>\n\n<style type=\"text\/css\" data-created_by=\"avia_inline_auto\" id=\"style-css-av-mobwpddt-ade0062ab8d911b3b0911c90163e86b2\">\n.avia-image-container.av-mobwpddt-ade0062ab8d911b3b0911c90163e86b2 img.avia_image{\nbox-shadow:none;\n}\n.avia-image-container.av-mobwpddt-ade0062ab8d911b3b0911c90163e86b2 .av-image-caption-overlay-center{\ncolor:#ffffff;\n}\n<\/style>\n<div  class='avia-image-container av-mobwpddt-ade0062ab8d911b3b0911c90163e86b2 av-styling- avia-align-center  avia-builder-el-4  el_after_av_textblock  avia-builder-el-last '   itemprop=\"image\" itemscope=\"itemscope\" itemtype=\"https:\/\/schema.org\/ImageObject\" ><div class=\"avia-image-container-inner\"><div class=\"avia-image-overlay-wrap\"><img decoding=\"async\" fetchpriority=\"high\" class='wp-image-78 avia-img-lazy-loading-not-78 avia_image ' src=\"https:\/\/simbuktu.dk\/wp-content\/uploads\/2026\/04\/maja.jpg\" alt='' title='maja'  height=\"765\" width=\"478\"  itemprop=\"thumbnailUrl\" srcset=\"https:\/\/simbuktu.dk\/wp-content\/uploads\/2026\/04\/maja.jpg 478w, https:\/\/simbuktu.dk\/wp-content\/uploads\/2026\/04\/maja-187x300.jpg 187w, https:\/\/simbuktu.dk\/wp-content\/uploads\/2026\/04\/maja-441x705.jpg 441w\" sizes=\"(max-width: 478px) 100vw, 478px\" \/><\/div><\/div><\/div><\/p><\/div><\/p>\n","protected":false},"excerpt":{"rendered":"","protected":false},"author":1,"featured_media":0,"parent":0,"menu_order":0,"comment_status":"closed","ping_status":"closed","template":"","meta":{"footnotes":""},"class_list":["post-75","page","type-page","status-publish","hentry"],"_links":{"self":[{"href":"https:\/\/simbuktu.dk\/index.php\/wp-json\/wp\/v2\/pages\/75","targetHints":{"allow":["GET"]}}],"collection":[{"href":"https:\/\/simbuktu.dk\/index.php\/wp-json\/wp\/v2\/pages"}],"about":[{"href":"https:\/\/simbuktu.dk\/index.php\/wp-json\/wp\/v2\/types\/page"}],"author":[{"embeddable":true,"href":"https:\/\/simbuktu.dk\/index.php\/wp-json\/wp\/v2\/users\/1"}],"replies":[{"embeddable":true,"href":"https:\/\/simbuktu.dk\/index.php\/wp-json\/wp\/v2\/comments?post=75"}],"version-history":[{"count":5,"href":"https:\/\/simbuktu.dk\/index.php\/wp-json\/wp\/v2\/pages\/75\/revisions"}],"predecessor-version":[{"id":84,"href":"https:\/\/simbuktu.dk\/index.php\/wp-json\/wp\/v2\/pages\/75\/revisions\/84"}],"wp:attachment":[{"href":"https:\/\/simbuktu.dk\/index.php\/wp-json\/wp\/v2\/media?parent=75"}],"curies":[{"name":"wp","href":"https:\/\/api.w.org\/{rel}","templated":true}]}}